{"id":2368,"date":"2021-05-12T17:20:13","date_gmt":"2021-05-12T15:20:13","guid":{"rendered":"https:\/\/www.mandelbaum.schule\/wordpress\/?page_id=2368"},"modified":"2024-07-26T15:18:54","modified_gmt":"2024-07-26T13:18:54","slug":"kooperationspartner","status":"publish","type":"page","link":"https:\/\/www.mandelbaum.schule\/wordpress\/kooperationspartner\/","title":{"rendered":"Kooperationspartner"},"content":{"rendered":"\t\t<div data-elementor-type=\"wp-page\" data-elementor-id=\"2368\" class=\"elementor elementor-2368\">\n\t\t\t\t\t\t<section class=\"elementor-section elementor-top-section elementor-element elementor-element-0e42a1b elementor-section-boxed elementor-section-height-default elementor-section-height-default\" data-id=\"0e42a1b\" data-element_type=\"section\" data-e-type=\"section\">\n\t\t\t\t\t\t<div class=\"elementor-container elementor-column-gap-default\">\n\t\t\t\t\t<div class=\"elementor-column elementor-col-50 elementor-top-column elementor-element elementor-element-59b00ce\" data-id=\"59b00ce\" data-element_type=\"column\" data-e-type=\"column\">\n\t\t\t<div class=\"elementor-widget-wrap elementor-element-populated\">\n\t\t\t\t\t\t<div class=\"elementor-element elementor-element-d953ac2 elementor-widget elementor-widget-image\" data-id=\"d953ac2\" data-element_type=\"widget\" data-e-type=\"widget\" data-widget_type=\"image.default\">\n\t\t\t\t<div class=\"elementor-widget-container\">\n\t\t\t\t\t\t\t\t\t\t\t\t\t\t\t<img fetchpriority=\"high\" decoding=\"async\" width=\"674\" height=\"473\" src=\"https:\/\/www.mandelbaum.schule\/wordpress\/wp-content\/uploads\/2021\/01\/Grain-Field-Detail.jpg\" class=\"attachment-large size-large wp-image-2004\" alt=\"\" srcset=\"https:\/\/www.mandelbaum.schule\/wordpress\/wp-content\/uploads\/2021\/01\/Grain-Field-Detail.jpg 674w, https:\/\/www.mandelbaum.schule\/wordpress\/wp-content\/uploads\/2021\/01\/Grain-Field-Detail-300x211.jpg 300w\" sizes=\"(max-width: 674px) 100vw, 674px\" \/>\t\t\t\t\t\t\t\t\t\t\t\t\t\t\t<\/div>\n\t\t\t\t<\/div>\n\t\t\t\t<div class=\"elementor-element elementor-element-cd896bc elementor-widget-divider--view-line elementor-widget elementor-widget-divider\" data-id=\"cd896bc\" data-element_type=\"widget\" data-e-type=\"widget\" data-widget_type=\"divider.default\">\n\t\t\t\t<div class=\"elementor-widget-container\">\n\t\t\t\t\t\t\t<div class=\"elementor-divider\">\n\t\t\t<span class=\"elementor-divider-separator\">\n\t\t\t\t\t\t<\/span>\n\t\t<\/div>\n\t\t\t\t\t\t<\/div>\n\t\t\t\t<\/div>\n\t\t\t\t<div class=\"elementor-element elementor-element-ae76999 elementor-widget elementor-widget-image\" data-id=\"ae76999\" data-element_type=\"widget\" data-e-type=\"widget\" data-widget_type=\"image.default\">\n\t\t\t\t<div class=\"elementor-widget-container\">\n\t\t\t\t\t\t\t\t\t\t\t\t\t\t\t<img decoding=\"async\" width=\"300\" height=\"168\" src=\"https:\/\/www.mandelbaum.schule\/wordpress\/wp-content\/uploads\/2021\/03\/Merck.png\" class=\"attachment-large size-large wp-image-2127\" alt=\"\" \/>\t\t\t\t\t\t\t\t\t\t\t\t\t\t\t<\/div>\n\t\t\t\t<\/div>\n\t\t\t\t<div class=\"elementor-element elementor-element-8bd97f9 elementor-widget-divider--view-line elementor-widget elementor-widget-divider\" data-id=\"8bd97f9\" data-element_type=\"widget\" data-e-type=\"widget\" data-widget_type=\"divider.default\">\n\t\t\t\t<div class=\"elementor-widget-container\">\n\t\t\t\t\t\t\t<div class=\"elementor-divider\">\n\t\t\t<span class=\"elementor-divider-separator\">\n\t\t\t\t\t\t<\/span>\n\t\t<\/div>\n\t\t\t\t\t\t<\/div>\n\t\t\t\t<\/div>\n\t\t\t\t<div class=\"elementor-element elementor-element-d88e644 elementor-widget elementor-widget-image\" data-id=\"d88e644\" data-element_type=\"widget\" data-e-type=\"widget\" data-widget_type=\"image.default\">\n\t\t\t\t<div class=\"elementor-widget-container\">\n\t\t\t\t\t\t\t\t\t\t\t\t\t\t\t<img decoding=\"async\" width=\"1024\" height=\"241\" src=\"https:\/\/www.mandelbaum.schule\/wordpress\/wp-content\/uploads\/2022\/05\/FS21_Logo-1024x241.jpg\" class=\"attachment-large size-large wp-image-2695\" alt=\"\" srcset=\"https:\/\/www.mandelbaum.schule\/wordpress\/wp-content\/uploads\/2022\/05\/FS21_Logo-1024x241.jpg 1024w, https:\/\/www.mandelbaum.schule\/wordpress\/wp-content\/uploads\/2022\/05\/FS21_Logo-300x70.jpg 300w, https:\/\/www.mandelbaum.schule\/wordpress\/wp-content\/uploads\/2022\/05\/FS21_Logo-768x180.jpg 768w, https:\/\/www.mandelbaum.schule\/wordpress\/wp-content\/uploads\/2022\/05\/FS21_Logo-1536x361.jpg 1536w, https:\/\/www.mandelbaum.schule\/wordpress\/wp-content\/uploads\/2022\/05\/FS21_Logo-2048x481.jpg 2048w\" sizes=\"(max-width: 1024px) 100vw, 1024px\" \/>\t\t\t\t\t\t\t\t\t\t\t\t\t\t\t<\/div>\n\t\t\t\t<\/div>\n\t\t\t\t<div class=\"elementor-element elementor-element-d444034 elementor-widget-divider--view-line elementor-widget elementor-widget-divider\" data-id=\"d444034\" data-element_type=\"widget\" data-e-type=\"widget\" data-widget_type=\"divider.default\">\n\t\t\t\t<div class=\"elementor-widget-container\">\n\t\t\t\t\t\t\t<div class=\"elementor-divider\">\n\t\t\t<span class=\"elementor-divider-separator\">\n\t\t\t\t\t\t<\/span>\n\t\t<\/div>\n\t\t\t\t\t\t<\/div>\n\t\t\t\t<\/div>\n\t\t\t\t<div class=\"elementor-element elementor-element-00c7f73 elementor-widget elementor-widget-image\" data-id=\"00c7f73\" data-element_type=\"widget\" data-e-type=\"widget\" data-widget_type=\"image.default\">\n\t\t\t\t<div class=\"elementor-widget-container\">\n\t\t\t\t\t\t\t\t\t\t\t\t\t\t\t<img loading=\"lazy\" decoding=\"async\" width=\"168\" height=\"85\" src=\"https:\/\/www.mandelbaum.schule\/wordpress\/wp-content\/uploads\/2024\/07\/Screenshot-2024-07-26-at-15.16.37.png\" class=\"attachment-large size-large wp-image-3751\" alt=\"\" \/>\t\t\t\t\t\t\t\t\t\t\t\t\t\t\t<\/div>\n\t\t\t\t<\/div>\n\t\t\t\t<div class=\"elementor-element elementor-element-ff59565 elementor-widget-divider--view-line elementor-widget elementor-widget-divider\" data-id=\"ff59565\" data-element_type=\"widget\" data-e-type=\"widget\" data-widget_type=\"divider.default\">\n\t\t\t\t<div class=\"elementor-widget-container\">\n\t\t\t\t\t\t\t<div class=\"elementor-divider\">\n\t\t\t<span class=\"elementor-divider-separator\">\n\t\t\t\t\t\t<\/span>\n\t\t<\/div>\n\t\t\t\t\t\t<\/div>\n\t\t\t\t<\/div>\n\t\t\t\t\t<\/div>\n\t\t<\/div>\n\t\t\t\t<div class=\"elementor-column elementor-col-50 elementor-top-column elementor-element elementor-element-1c5b83c\" data-id=\"1c5b83c\" data-element_type=\"column\" data-e-type=\"column\">\n\t\t\t<div class=\"elementor-widget-wrap elementor-element-populated\">\n\t\t\t\t\t\t<div class=\"elementor-element elementor-element-709bb09 elementor-widget elementor-widget-image\" data-id=\"709bb09\" data-element_type=\"widget\" data-e-type=\"widget\" data-widget_type=\"image.default\">\n\t\t\t\t<div class=\"elementor-widget-container\">\n\t\t\t\t\t\t\t\t\t\t\t\t\t\t\t<img loading=\"lazy\" decoding=\"async\" width=\"923\" height=\"283\" src=\"https:\/\/www.mandelbaum.schule\/wordpress\/wp-content\/uploads\/2022\/01\/Logo_kompakt_SBWL_2021.png\" class=\"attachment-large size-large wp-image-2542\" alt=\"\" srcset=\"https:\/\/www.mandelbaum.schule\/wordpress\/wp-content\/uploads\/2022\/01\/Logo_kompakt_SBWL_2021.png 923w, https:\/\/www.mandelbaum.schule\/wordpress\/wp-content\/uploads\/2022\/01\/Logo_kompakt_SBWL_2021-300x92.png 300w, https:\/\/www.mandelbaum.schule\/wordpress\/wp-content\/uploads\/2022\/01\/Logo_kompakt_SBWL_2021-768x235.png 768w\" sizes=\"(max-width: 923px) 100vw, 923px\" \/>\t\t\t\t\t\t\t\t\t\t\t\t\t\t\t<\/div>\n\t\t\t\t<\/div>\n\t\t\t\t<div class=\"elementor-element elementor-element-8d80850 elementor-widget-divider--view-line elementor-widget elementor-widget-divider\" data-id=\"8d80850\" data-element_type=\"widget\" data-e-type=\"widget\" data-widget_type=\"divider.default\">\n\t\t\t\t<div class=\"elementor-widget-container\">\n\t\t\t\t\t\t\t<div class=\"elementor-divider\">\n\t\t\t<span class=\"elementor-divider-separator\">\n\t\t\t\t\t\t<\/span>\n\t\t<\/div>\n\t\t\t\t\t\t<\/div>\n\t\t\t\t<\/div>\n\t\t\t\t<div class=\"elementor-element elementor-element-5d4f9f0 elementor-widget elementor-widget-image\" data-id=\"5d4f9f0\" data-element_type=\"widget\" data-e-type=\"widget\" data-widget_type=\"image.default\">\n\t\t\t\t<div class=\"elementor-widget-container\">\n\t\t\t\t\t\t\t\t\t\t\t\t\t\t\t<img loading=\"lazy\" decoding=\"async\" width=\"1024\" height=\"737\" src=\"https:\/\/www.mandelbaum.schule\/wordpress\/wp-content\/uploads\/2023\/02\/logoOutline-1024x737.jpg\" class=\"attachment-large size-large wp-image-2875\" alt=\"\" srcset=\"https:\/\/www.mandelbaum.schule\/wordpress\/wp-content\/uploads\/2023\/02\/logoOutline-1024x737.jpg 1024w, https:\/\/www.mandelbaum.schule\/wordpress\/wp-content\/uploads\/2023\/02\/logoOutline-300x216.jpg 300w, https:\/\/www.mandelbaum.schule\/wordpress\/wp-content\/uploads\/2023\/02\/logoOutline-768x553.jpg 768w, https:\/\/www.mandelbaum.schule\/wordpress\/wp-content\/uploads\/2023\/02\/logoOutline-1536x1106.jpg 1536w, https:\/\/www.mandelbaum.schule\/wordpress\/wp-content\/uploads\/2023\/02\/logoOutline-2048x1474.jpg 2048w\" sizes=\"(max-width: 1024px) 100vw, 1024px\" \/>\t\t\t\t\t\t\t\t\t\t\t\t\t\t\t<\/div>\n\t\t\t\t<\/div>\n\t\t\t\t<div class=\"elementor-element elementor-element-755d7e8 elementor-widget-divider--view-line elementor-widget elementor-widget-divider\" data-id=\"755d7e8\" data-element_type=\"widget\" data-e-type=\"widget\" data-widget_type=\"divider.default\">\n\t\t\t\t<div class=\"elementor-widget-container\">\n\t\t\t\t\t\t\t<div class=\"elementor-divider\">\n\t\t\t<span class=\"elementor-divider-separator\">\n\t\t\t\t\t\t<\/span>\n\t\t<\/div>\n\t\t\t\t\t\t<\/div>\n\t\t\t\t<\/div>\n\t\t\t\t<div class=\"elementor-element elementor-element-4effd9c elementor-widget elementor-widget-image\" data-id=\"4effd9c\" data-element_type=\"widget\" data-e-type=\"widget\" data-widget_type=\"image.default\">\n\t\t\t\t<div class=\"elementor-widget-container\">\n\t\t\t\t\t\t\t\t\t\t\t\t\t\t\t<img loading=\"lazy\" decoding=\"async\" width=\"400\" height=\"169\" src=\"https:\/\/www.mandelbaum.schule\/wordpress\/wp-content\/uploads\/2023\/02\/Logo.jpg\" class=\"attachment-large size-large wp-image-2880\" alt=\"\" srcset=\"https:\/\/www.mandelbaum.schule\/wordpress\/wp-content\/uploads\/2023\/02\/Logo.jpg 400w, https:\/\/www.mandelbaum.schule\/wordpress\/wp-content\/uploads\/2023\/02\/Logo-300x127.jpg 300w\" sizes=\"(max-width: 400px) 100vw, 400px\" \/>\t\t\t\t\t\t\t\t\t\t\t\t\t\t\t<\/div>\n\t\t\t\t<\/div>\n\t\t\t\t<div class=\"elementor-element elementor-element-cf0c174 elementor-widget-divider--view-line elementor-widget elementor-widget-divider\" data-id=\"cf0c174\" data-element_type=\"widget\" data-e-type=\"widget\" data-widget_type=\"divider.default\">\n\t\t\t\t<div class=\"elementor-widget-container\">\n\t\t\t\t\t\t\t<div class=\"elementor-divider\">\n\t\t\t<span class=\"elementor-divider-separator\">\n\t\t\t\t\t\t<\/span>\n\t\t<\/div>\n\t\t\t\t\t\t<\/div>\n\t\t\t\t<\/div>\n\t\t\t\t\t<\/div>\n\t\t<\/div>\n\t\t\t\t\t<\/div>\n\t\t<\/section>\n\t\t\t\t<\/div>\n\t\t","protected":false},"excerpt":{"rendered":"","protected":false},"author":4,"featured_media":0,"parent":0,"menu_order":0,"comment_status":"closed","ping_status":"closed","template":"","meta":{"zakra_sidebar_layout":"customizer","zakra_remove_content_margin":false,"zakra_sidebar":"customizer","zakra_transparent_header":"customizer","zakra_logo":0,"zakra_main_header_style":"default","zakra_menu_item_color":"","zakra_menu_item_hover_color":"","zakra_menu_item_active_color":"","zakra_menu_active_style":"","zakra_page_header":true,"footnotes":""},"class_list":["post-2368","page","type-page","status-publish","hentry"],"yoast_head":"<!-- This site is optimized with the Yoast SEO plugin v27.5 - https:\/\/yoast.com\/product\/yoast-seo-wordpress\/ -->\n<title>Kooperationspartner - Initiative f\u00fcr ganzheitliche P\u00e4dagogik - Mandelbaum Grundschule<\/title>\n<meta name=\"robots\" content=\"index, follow, max-snippet:-1, max-image-preview:large, max-video-preview:-1\" \/>\n<link rel=\"canonical\" href=\"https:\/\/www.mandelbaum.schule\/wordpress\/kooperationspartner\/\" \/>\n<meta property=\"og:locale\" content=\"de_DE\" \/>\n<meta property=\"og:type\" content=\"article\" \/>\n<meta property=\"og:title\" content=\"Kooperationspartner - Initiative f\u00fcr ganzheitliche P\u00e4dagogik - Mandelbaum Grundschule\" \/>\n<meta property=\"og:url\" content=\"https:\/\/www.mandelbaum.schule\/wordpress\/kooperationspartner\/\" \/>\n<meta property=\"og:site_name\" content=\"Initiative f\u00fcr ganzheitliche P\u00e4dagogik - Mandelbaum Grundschule\" \/>\n<meta property=\"article:modified_time\" content=\"2024-07-26T13:18:54+00:00\" \/>\n<meta property=\"og:image\" content=\"https:\/\/www.mandelbaum.schule\/wordpress\/wp-content\/uploads\/2021\/01\/Grain-Field-Detail.jpg\" \/>\n<meta name=\"twitter:card\" content=\"summary_large_image\" \/>\n<meta name=\"twitter:label1\" content=\"Gesch\u00e4tzte Lesezeit\" \/>\n\t<meta name=\"twitter:data1\" content=\"2\u00a0Minuten\" \/>\n<script type=\"application\/ld+json\" class=\"yoast-schema-graph\">{\"@context\":\"https:\\\/\\\/schema.org\",\"@graph\":[{\"@type\":\"WebPage\",\"@id\":\"https:\\\/\\\/www.mandelbaum.schule\\\/wordpress\\\/kooperationspartner\\\/\",\"url\":\"https:\\\/\\\/www.mandelbaum.schule\\\/wordpress\\\/kooperationspartner\\\/\",\"name\":\"Kooperationspartner - Initiative f\u00fcr ganzheitliche P\u00e4dagogik - Mandelbaum Grundschule\",\"isPartOf\":{\"@id\":\"https:\\\/\\\/www.mandelbaum.schule\\\/wordpress\\\/#website\"},\"primaryImageOfPage\":{\"@id\":\"https:\\\/\\\/www.mandelbaum.schule\\\/wordpress\\\/kooperationspartner\\\/#primaryimage\"},\"image\":{\"@id\":\"https:\\\/\\\/www.mandelbaum.schule\\\/wordpress\\\/kooperationspartner\\\/#primaryimage\"},\"thumbnailUrl\":\"https:\\\/\\\/www.mandelbaum.schule\\\/wordpress\\\/wp-content\\\/uploads\\\/2021\\\/01\\\/Grain-Field-Detail.jpg\",\"datePublished\":\"2021-05-12T15:20:13+00:00\",\"dateModified\":\"2024-07-26T13:18:54+00:00\",\"breadcrumb\":{\"@id\":\"https:\\\/\\\/www.mandelbaum.schule\\\/wordpress\\\/kooperationspartner\\\/#breadcrumb\"},\"inLanguage\":\"de\",\"potentialAction\":[{\"@type\":\"ReadAction\",\"target\":[\"https:\\\/\\\/www.mandelbaum.schule\\\/wordpress\\\/kooperationspartner\\\/\"]}]},{\"@type\":\"ImageObject\",\"inLanguage\":\"de\",\"@id\":\"https:\\\/\\\/www.mandelbaum.schule\\\/wordpress\\\/kooperationspartner\\\/#primaryimage\",\"url\":\"https:\\\/\\\/www.mandelbaum.schule\\\/wordpress\\\/wp-content\\\/uploads\\\/2021\\\/01\\\/Grain-Field-Detail.jpg\",\"contentUrl\":\"https:\\\/\\\/www.mandelbaum.schule\\\/wordpress\\\/wp-content\\\/uploads\\\/2021\\\/01\\\/Grain-Field-Detail.jpg\",\"width\":674,\"height\":473},{\"@type\":\"BreadcrumbList\",\"@id\":\"https:\\\/\\\/www.mandelbaum.schule\\\/wordpress\\\/kooperationspartner\\\/#breadcrumb\",\"itemListElement\":[{\"@type\":\"ListItem\",\"position\":1,\"name\":\"Startseite\",\"item\":\"https:\\\/\\\/www.mandelbaum.schule\\\/wordpress\\\/\"},{\"@type\":\"ListItem\",\"position\":2,\"name\":\"Kooperationspartner\"}]},{\"@type\":\"WebSite\",\"@id\":\"https:\\\/\\\/www.mandelbaum.schule\\\/wordpress\\\/#website\",\"url\":\"https:\\\/\\\/www.mandelbaum.schule\\\/wordpress\\\/\",\"name\":\"Initiative f\u00fcr ganzheitliche P\u00e4dagogik - Mandelbaum Grundschule\",\"description\":\"Schulgr\u00fcndung Darmstadt Dieburg\",\"publisher\":{\"@id\":\"https:\\\/\\\/www.mandelbaum.schule\\\/wordpress\\\/#organization\"},\"potentialAction\":[{\"@type\":\"SearchAction\",\"target\":{\"@type\":\"EntryPoint\",\"urlTemplate\":\"https:\\\/\\\/www.mandelbaum.schule\\\/wordpress\\\/?s={search_term_string}\"},\"query-input\":{\"@type\":\"PropertyValueSpecification\",\"valueRequired\":true,\"valueName\":\"search_term_string\"}}],\"inLanguage\":\"de\"},{\"@type\":\"Organization\",\"@id\":\"https:\\\/\\\/www.mandelbaum.schule\\\/wordpress\\\/#organization\",\"name\":\"Initiative f\u00fcr ganzheitliche P\u00e4dagogik - Mandelbaum Grundschule\",\"url\":\"https:\\\/\\\/www.mandelbaum.schule\\\/wordpress\\\/\",\"logo\":{\"@type\":\"ImageObject\",\"inLanguage\":\"de\",\"@id\":\"https:\\\/\\\/www.mandelbaum.schule\\\/wordpress\\\/#\\\/schema\\\/logo\\\/image\\\/\",\"url\":\"https:\\\/\\\/www.mandelbaum.schule\\\/wordpress\\\/wp-content\\\/uploads\\\/2020\\\/05\\\/cropped-Wurzlewerke-e.V-log_web_03.png\",\"contentUrl\":\"https:\\\/\\\/www.mandelbaum.schule\\\/wordpress\\\/wp-content\\\/uploads\\\/2020\\\/05\\\/cropped-Wurzlewerke-e.V-log_web_03.png\",\"width\":924,\"height\":246,\"caption\":\"Initiative f\u00fcr ganzheitliche P\u00e4dagogik - Mandelbaum Grundschule\"},\"image\":{\"@id\":\"https:\\\/\\\/www.mandelbaum.schule\\\/wordpress\\\/#\\\/schema\\\/logo\\\/image\\\/\"},\"sameAs\":[\"https:\\\/\\\/instagram.com\\\/mandelbaum.schule\"]}]}<\/script>\n<!-- \/ Yoast SEO plugin. -->","yoast_head_json":{"title":"Kooperationspartner - Initiative f\u00fcr ganzheitliche P\u00e4dagogik - Mandelbaum Grundschule","robots":{"index":"index","follow":"follow","max-snippet":"max-snippet:-1","max-image-preview":"max-image-preview:large","max-video-preview":"max-video-preview:-1"},"canonical":"https:\/\/www.mandelbaum.schule\/wordpress\/kooperationspartner\/","og_locale":"de_DE","og_type":"article","og_title":"Kooperationspartner - Initiative f\u00fcr ganzheitliche P\u00e4dagogik - Mandelbaum Grundschule","og_url":"https:\/\/www.mandelbaum.schule\/wordpress\/kooperationspartner\/","og_site_name":"Initiative f\u00fcr ganzheitliche P\u00e4dagogik - Mandelbaum Grundschule","article_modified_time":"2024-07-26T13:18:54+00:00","og_image":[{"url":"https:\/\/www.mandelbaum.schule\/wordpress\/wp-content\/uploads\/2021\/01\/Grain-Field-Detail.jpg","type":"","width":"","height":""}],"twitter_card":"summary_large_image","twitter_misc":{"Gesch\u00e4tzte Lesezeit":"2\u00a0Minuten"},"schema":{"@context":"https:\/\/schema.org","@graph":[{"@type":"WebPage","@id":"https:\/\/www.mandelbaum.schule\/wordpress\/kooperationspartner\/","url":"https:\/\/www.mandelbaum.schule\/wordpress\/kooperationspartner\/","name":"Kooperationspartner - Initiative f\u00fcr ganzheitliche P\u00e4dagogik - Mandelbaum Grundschule","isPartOf":{"@id":"https:\/\/www.mandelbaum.schule\/wordpress\/#website"},"primaryImageOfPage":{"@id":"https:\/\/www.mandelbaum.schule\/wordpress\/kooperationspartner\/#primaryimage"},"image":{"@id":"https:\/\/www.mandelbaum.schule\/wordpress\/kooperationspartner\/#primaryimage"},"thumbnailUrl":"https:\/\/www.mandelbaum.schule\/wordpress\/wp-content\/uploads\/2021\/01\/Grain-Field-Detail.jpg","datePublished":"2021-05-12T15:20:13+00:00","dateModified":"2024-07-26T13:18:54+00:00","breadcrumb":{"@id":"https:\/\/www.mandelbaum.schule\/wordpress\/kooperationspartner\/#breadcrumb"},"inLanguage":"de","potentialAction":[{"@type":"ReadAction","target":["https:\/\/www.mandelbaum.schule\/wordpress\/kooperationspartner\/"]}]},{"@type":"ImageObject","inLanguage":"de","@id":"https:\/\/www.mandelbaum.schule\/wordpress\/kooperationspartner\/#primaryimage","url":"https:\/\/www.mandelbaum.schule\/wordpress\/wp-content\/uploads\/2021\/01\/Grain-Field-Detail.jpg","contentUrl":"https:\/\/www.mandelbaum.schule\/wordpress\/wp-content\/uploads\/2021\/01\/Grain-Field-Detail.jpg","width":674,"height":473},{"@type":"BreadcrumbList","@id":"https:\/\/www.mandelbaum.schule\/wordpress\/kooperationspartner\/#breadcrumb","itemListElement":[{"@type":"ListItem","position":1,"name":"Startseite","item":"https:\/\/www.mandelbaum.schule\/wordpress\/"},{"@type":"ListItem","position":2,"name":"Kooperationspartner"}]},{"@type":"WebSite","@id":"https:\/\/www.mandelbaum.schule\/wordpress\/#website","url":"https:\/\/www.mandelbaum.schule\/wordpress\/","name":"Initiative f\u00fcr ganzheitliche P\u00e4dagogik - Mandelbaum Grundschule","description":"Schulgr\u00fcndung Darmstadt Dieburg","publisher":{"@id":"https:\/\/www.mandelbaum.schule\/wordpress\/#organization"},"potentialAction":[{"@type":"SearchAction","target":{"@type":"EntryPoint","urlTemplate":"https:\/\/www.mandelbaum.schule\/wordpress\/?s={search_term_string}"},"query-input":{"@type":"PropertyValueSpecification","valueRequired":true,"valueName":"search_term_string"}}],"inLanguage":"de"},{"@type":"Organization","@id":"https:\/\/www.mandelbaum.schule\/wordpress\/#organization","name":"Initiative f\u00fcr ganzheitliche P\u00e4dagogik - Mandelbaum Grundschule","url":"https:\/\/www.mandelbaum.schule\/wordpress\/","logo":{"@type":"ImageObject","inLanguage":"de","@id":"https:\/\/www.mandelbaum.schule\/wordpress\/#\/schema\/logo\/image\/","url":"https:\/\/www.mandelbaum.schule\/wordpress\/wp-content\/uploads\/2020\/05\/cropped-Wurzlewerke-e.V-log_web_03.png","contentUrl":"https:\/\/www.mandelbaum.schule\/wordpress\/wp-content\/uploads\/2020\/05\/cropped-Wurzlewerke-e.V-log_web_03.png","width":924,"height":246,"caption":"Initiative f\u00fcr ganzheitliche P\u00e4dagogik - Mandelbaum Grundschule"},"image":{"@id":"https:\/\/www.mandelbaum.schule\/wordpress\/#\/schema\/logo\/image\/"},"sameAs":["https:\/\/instagram.com\/mandelbaum.schule"]}]}},"_links":{"self":[{"href":"https:\/\/www.mandelbaum.schule\/wordpress\/wp-json\/wp\/v2\/pages\/2368","targetHints":{"allow":["GET"]}}],"collection":[{"href":"https:\/\/www.mandelbaum.schule\/wordpress\/wp-json\/wp\/v2\/pages"}],"about":[{"href":"https:\/\/www.mandelbaum.schule\/wordpress\/wp-json\/wp\/v2\/types\/page"}],"author":[{"embeddable":true,"href":"https:\/\/www.mandelbaum.schule\/wordpress\/wp-json\/wp\/v2\/users\/4"}],"replies":[{"embeddable":true,"href":"https:\/\/www.mandelbaum.schule\/wordpress\/wp-json\/wp\/v2\/comments?post=2368"}],"version-history":[{"count":17,"href":"https:\/\/www.mandelbaum.schule\/wordpress\/wp-json\/wp\/v2\/pages\/2368\/revisions"}],"predecessor-version":[{"id":3760,"href":"https:\/\/www.mandelbaum.schule\/wordpress\/wp-json\/wp\/v2\/pages\/2368\/revisions\/3760"}],"wp:attachment":[{"href":"https:\/\/www.mandelbaum.schule\/wordpress\/wp-json\/wp\/v2\/media?parent=2368"}],"curies":[{"name":"wp","href":"https:\/\/api.w.org\/{rel}","templated":true}]}}