{"id":1937,"date":"2020-12-12T15:43:02","date_gmt":"2020-12-12T14:43:02","guid":{"rendered":"https:\/\/www.mandelbaum.schule\/wordpress\/?page_id=1937"},"modified":"2023-03-03T08:38:48","modified_gmt":"2023-03-03T07:38:48","slug":"gottvertrauen","status":"publish","type":"page","link":"https:\/\/www.mandelbaum.schule\/wordpress\/gottvertrauen\/","title":{"rendered":"Gottvertrauen"},"content":{"rendered":"\t\t<div data-elementor-type=\"wp-page\" data-elementor-id=\"1937\" class=\"elementor elementor-1937\">\n\t\t\t\t\t\t<section class=\"elementor-section elementor-top-section elementor-element elementor-element-2a0c8ebf elementor-section-stretched elementor-section-boxed elementor-section-height-default elementor-section-height-default\" data-id=\"2a0c8ebf\" data-element_type=\"section\" data-e-type=\"section\" data-settings=\"{&quot;stretch_section&quot;:&quot;section-stretched&quot;}\">\n\t\t\t\t\t\t<div class=\"elementor-container elementor-column-gap-default\">\n\t\t\t\t\t<div class=\"elementor-column elementor-col-100 elementor-top-column elementor-element elementor-element-2fb51c01\" data-id=\"2fb51c01\" data-element_type=\"column\" data-e-type=\"column\">\n\t\t\t<div class=\"elementor-widget-wrap elementor-element-populated\">\n\t\t\t\t\t\t<div class=\"elementor-element elementor-element-4ae64f1 elementor-widget elementor-widget-image\" data-id=\"4ae64f1\" data-element_type=\"widget\" data-e-type=\"widget\" data-widget_type=\"image.default\">\n\t\t\t\t<div class=\"elementor-widget-container\">\n\t\t\t\t\t\t\t\t\t\t\t\t\t\t\t<img decoding=\"async\" src=\"https:\/\/www.mandelbaum.schule\/wordpress\/wp-content\/uploads\/2021\/01\/image-scaled.jpg\" title=\"image\" alt=\"image\" loading=\"lazy\" \/>\t\t\t\t\t\t\t\t\t\t\t\t\t\t\t<\/div>\n\t\t\t\t<\/div>\n\t\t\t\t<div class=\"elementor-element elementor-element-6199190f elementor-widget elementor-widget-text-editor\" data-id=\"6199190f\" data-element_type=\"widget\" data-e-type=\"widget\" data-widget_type=\"text-editor.default\">\n\t\t\t\t<div class=\"elementor-widget-container\">\n\t\t\t\t\t\t\t\t\t<p><\/p>\n<p><span style=\"font-style: inherit; font-weight: inherit;\">Unser Vertrauen auf Gott pr\u00e4gt unsere Sicht auf die Wissensvermittlung.&nbsp;<\/span><span style=\"font-style: inherit; font-weight: inherit;\">Die Bibel macht klar, dass Gott der Urheber, Erhalter und Erl\u00f6ser alles menschlichen Wissens ist. Ein volles Verst\u00e4ndnis kommt nicht nur durch Vernunft und empirische Beweise zustande, auch wenn beides wichtig ist. Wir brauchen auch Gottes in der Bibel offenbarte Wahrheit, um Erkenntnis von Gott und der Gr\u00f6\u00dfe seiner Macht zu haben und um unsere Welt und unseren Platz darin zu deuten. Im Buch der Spr\u00fcche erfahren wir, dass Wissen, Urteilsf\u00e4higkeit und Weisheit eng miteinander verkn\u00fcpft sind.<\/span><\/p>\n<p><\/p>\n<p><strong>Gottvertrauen im Schulalltag<\/strong><br>\u00dcber die Wissensvermittlung hinaus ist f\u00fcr uns die F\u00f6rderung und Entwicklung des geistlichen Lebens von zentraler Bedeutung. Es ist unser Anliegen, Kinder von Anfang an in ihrer Pers\u00f6nlichkeit und ihrem Glauben an Gott zu st\u00e4rken.<br>Ein biblischer Input z.B. in Form einer Andacht ist f\u00fcr uns als christliche Bekenntnisschule ma\u00dfgeblich. Gemeinsam wird mit den Kindern die Bibel erforscht, wir singen mit allen Altersstufen Anbetungs- und Lobpreislieder und feiern christliche Feste gemeinsam wie z.B. Weihnachten und Ostern.&nbsp;<\/p>\n<p><\/p>\n<p><script src=\"chrome-extension:\/\/hhojmcideegachlhfgfdhailpfhgknjm\/web_accessible_resources\/index.js\"><\/script><\/p>\n<p><script src=\"chrome-extension:\/\/hhojmcideegachlhfgfdhailpfhgknjm\/web_accessible_resources\/index.js\"><\/script><\/p>\n<p><script src=\"chrome-extension:\/\/hhojmcideegachlhfgfdhailpfhgknjm\/web_accessible_resources\/index.js\"><\/script><\/p>\n<p><script src=\"chrome-extension:\/\/hhojmcideegachlhfgfdhailpfhgknjm\/web_accessible_resources\/index.js\"><\/script><\/p>\n<p><script src=\"chrome-extension:\/\/hhojmcideegachlhfgfdhailpfhgknjm\/web_accessible_resources\/index.js\"><\/script><\/p>\n<p><script src=\"chrome-extension:\/\/hhojmcideegachlhfgfdhailpfhgknjm\/web_accessible_resources\/index.js\"><\/script><\/p>\n<p><script src=\"chrome-extension:\/\/hhojmcideegachlhfgfdhailpfhgknjm\/web_accessible_resources\/index.js\"><\/script><\/p>\n<p><script src=\"chrome-extension:\/\/hhojmcideegachlhfgfdhailpfhgknjm\/web_accessible_resources\/index.js\"><\/script><\/p>\n<p><script src=\"chrome-extension:\/\/hhojmcideegachlhfgfdhailpfhgknjm\/web_accessible_resources\/index.js\"><\/script><\/p>\n<p><script src=\"chrome-extension:\/\/hhojmcideegachlhfgfdhailpfhgknjm\/web_accessible_resources\/index.js\"><\/script><\/p>\n<p>\n<script src=\"chrome-extension:\/\/hhojmcideegachlhfgfdhailpfhgknjm\/web_accessible_resources\/index.js\"><\/script>\n<\/p>\t\t\t\t\t\t\t\t<\/div>\n\t\t\t\t<\/div>\n\t\t\t\t\t<\/div>\n\t\t<\/div>\n\t\t\t\t\t<\/div>\n\t\t<\/section>\n\t\t\t\t<\/div>\n\t\t","protected":false},"excerpt":{"rendered":"<p>Unser Vertrauen auf Gott pr\u00e4gt unsere Sicht auf die Wissensvermittlung.&nbsp;Die Bibel macht klar, dass Gott der Urheber, Erhalter und Erl\u00f6ser alles menschlichen Wissens ist. Ein volles Verst\u00e4ndnis kommt nicht nur durch Vernunft und empirische Beweise zustande, auch wenn beides wichtig ist. Wir brauchen auch Gottes in der Bibel offenbarte Wahrheit, um Erkenntnis von Gott und [&hellip;]<\/p>\n","protected":false},"author":4,"featured_media":0,"parent":0,"menu_order":0,"comment_status":"closed","ping_status":"closed","template":"elementor_header_footer","meta":{"zakra_sidebar_layout":"customizer","zakra_remove_content_margin":false,"zakra_sidebar":"customizer","zakra_transparent_header":"customizer","zakra_logo":0,"zakra_main_header_style":"default","zakra_menu_item_color":"","zakra_menu_item_hover_color":"","zakra_menu_item_active_color":"","zakra_menu_active_style":"","zakra_page_header":true,"footnotes":""},"class_list":["post-1937","page","type-page","status-publish","hentry"],"yoast_head":"<!-- This site is optimized with the Yoast SEO plugin v27.5 - https:\/\/yoast.com\/product\/yoast-seo-wordpress\/ -->\n<title>Gottvertrauen - Initiative f\u00fcr ganzheitliche P\u00e4dagogik - Mandelbaum Grundschule<\/title>\n<meta name=\"robots\" content=\"index, follow, max-snippet:-1, max-image-preview:large, max-video-preview:-1\" \/>\n<link rel=\"canonical\" href=\"https:\/\/www.mandelbaum.schule\/wordpress\/gottvertrauen\/\" \/>\n<meta property=\"og:locale\" content=\"de_DE\" \/>\n<meta property=\"og:type\" content=\"article\" \/>\n<meta property=\"og:title\" content=\"Gottvertrauen - Initiative f\u00fcr ganzheitliche P\u00e4dagogik - Mandelbaum Grundschule\" \/>\n<meta property=\"og:description\" content=\"Unser Vertrauen auf Gott pr\u00e4gt unsere Sicht auf die Wissensvermittlung.&nbsp;Die Bibel macht klar, dass Gott der Urheber, Erhalter und Erl\u00f6ser alles menschlichen Wissens ist. Ein volles Verst\u00e4ndnis kommt nicht nur durch Vernunft und empirische Beweise zustande, auch wenn beides wichtig ist. Wir brauchen auch Gottes in der Bibel offenbarte Wahrheit, um Erkenntnis von Gott und [&hellip;]\" \/>\n<meta property=\"og:url\" content=\"https:\/\/www.mandelbaum.schule\/wordpress\/gottvertrauen\/\" \/>\n<meta property=\"og:site_name\" content=\"Initiative f\u00fcr ganzheitliche P\u00e4dagogik - Mandelbaum Grundschule\" \/>\n<meta property=\"article:modified_time\" content=\"2023-03-03T07:38:48+00:00\" \/>\n<meta property=\"og:image\" content=\"https:\/\/www.mandelbaum.schule\/wordpress\/wp-content\/uploads\/2021\/01\/image-scaled.jpg\" \/>\n<meta name=\"twitter:card\" content=\"summary_large_image\" \/>\n<meta name=\"twitter:label1\" content=\"Gesch\u00e4tzte Lesezeit\" \/>\n\t<meta name=\"twitter:data1\" content=\"2\u00a0Minuten\" \/>\n<script type=\"application\/ld+json\" class=\"yoast-schema-graph\">{\"@context\":\"https:\\\/\\\/schema.org\",\"@graph\":[{\"@type\":\"WebPage\",\"@id\":\"https:\\\/\\\/www.mandelbaum.schule\\\/wordpress\\\/gottvertrauen\\\/\",\"url\":\"https:\\\/\\\/www.mandelbaum.schule\\\/wordpress\\\/gottvertrauen\\\/\",\"name\":\"Gottvertrauen - Initiative f\u00fcr ganzheitliche P\u00e4dagogik - Mandelbaum Grundschule\",\"isPartOf\":{\"@id\":\"https:\\\/\\\/www.mandelbaum.schule\\\/wordpress\\\/#website\"},\"primaryImageOfPage\":{\"@id\":\"https:\\\/\\\/www.mandelbaum.schule\\\/wordpress\\\/gottvertrauen\\\/#primaryimage\"},\"image\":{\"@id\":\"https:\\\/\\\/www.mandelbaum.schule\\\/wordpress\\\/gottvertrauen\\\/#primaryimage\"},\"thumbnailUrl\":\"https:\\\/\\\/www.mandelbaum.schule\\\/wordpress\\\/wp-content\\\/uploads\\\/2021\\\/01\\\/image-scaled.jpg\",\"datePublished\":\"2020-12-12T14:43:02+00:00\",\"dateModified\":\"2023-03-03T07:38:48+00:00\",\"breadcrumb\":{\"@id\":\"https:\\\/\\\/www.mandelbaum.schule\\\/wordpress\\\/gottvertrauen\\\/#breadcrumb\"},\"inLanguage\":\"de\",\"potentialAction\":[{\"@type\":\"ReadAction\",\"target\":[\"https:\\\/\\\/www.mandelbaum.schule\\\/wordpress\\\/gottvertrauen\\\/\"]}]},{\"@type\":\"ImageObject\",\"inLanguage\":\"de\",\"@id\":\"https:\\\/\\\/www.mandelbaum.schule\\\/wordpress\\\/gottvertrauen\\\/#primaryimage\",\"url\":\"https:\\\/\\\/www.mandelbaum.schule\\\/wordpress\\\/wp-content\\\/uploads\\\/2021\\\/01\\\/image-scaled.jpg\",\"contentUrl\":\"https:\\\/\\\/www.mandelbaum.schule\\\/wordpress\\\/wp-content\\\/uploads\\\/2021\\\/01\\\/image-scaled.jpg\",\"width\":2560,\"height\":1280},{\"@type\":\"BreadcrumbList\",\"@id\":\"https:\\\/\\\/www.mandelbaum.schule\\\/wordpress\\\/gottvertrauen\\\/#breadcrumb\",\"itemListElement\":[{\"@type\":\"ListItem\",\"position\":1,\"name\":\"Startseite\",\"item\":\"https:\\\/\\\/www.mandelbaum.schule\\\/wordpress\\\/\"},{\"@type\":\"ListItem\",\"position\":2,\"name\":\"Gottvertrauen\"}]},{\"@type\":\"WebSite\",\"@id\":\"https:\\\/\\\/www.mandelbaum.schule\\\/wordpress\\\/#website\",\"url\":\"https:\\\/\\\/www.mandelbaum.schule\\\/wordpress\\\/\",\"name\":\"Initiative f\u00fcr ganzheitliche P\u00e4dagogik - Mandelbaum Grundschule\",\"description\":\"Schulgr\u00fcndung Darmstadt Dieburg\",\"publisher\":{\"@id\":\"https:\\\/\\\/www.mandelbaum.schule\\\/wordpress\\\/#organization\"},\"potentialAction\":[{\"@type\":\"SearchAction\",\"target\":{\"@type\":\"EntryPoint\",\"urlTemplate\":\"https:\\\/\\\/www.mandelbaum.schule\\\/wordpress\\\/?s={search_term_string}\"},\"query-input\":{\"@type\":\"PropertyValueSpecification\",\"valueRequired\":true,\"valueName\":\"search_term_string\"}}],\"inLanguage\":\"de\"},{\"@type\":\"Organization\",\"@id\":\"https:\\\/\\\/www.mandelbaum.schule\\\/wordpress\\\/#organization\",\"name\":\"Initiative f\u00fcr ganzheitliche P\u00e4dagogik - Mandelbaum Grundschule\",\"url\":\"https:\\\/\\\/www.mandelbaum.schule\\\/wordpress\\\/\",\"logo\":{\"@type\":\"ImageObject\",\"inLanguage\":\"de\",\"@id\":\"https:\\\/\\\/www.mandelbaum.schule\\\/wordpress\\\/#\\\/schema\\\/logo\\\/image\\\/\",\"url\":\"https:\\\/\\\/www.mandelbaum.schule\\\/wordpress\\\/wp-content\\\/uploads\\\/2020\\\/05\\\/cropped-Wurzlewerke-e.V-log_web_03.png\",\"contentUrl\":\"https:\\\/\\\/www.mandelbaum.schule\\\/wordpress\\\/wp-content\\\/uploads\\\/2020\\\/05\\\/cropped-Wurzlewerke-e.V-log_web_03.png\",\"width\":924,\"height\":246,\"caption\":\"Initiative f\u00fcr ganzheitliche P\u00e4dagogik - Mandelbaum Grundschule\"},\"image\":{\"@id\":\"https:\\\/\\\/www.mandelbaum.schule\\\/wordpress\\\/#\\\/schema\\\/logo\\\/image\\\/\"},\"sameAs\":[\"https:\\\/\\\/instagram.com\\\/mandelbaum.schule\"]}]}<\/script>\n<!-- \/ Yoast SEO plugin. -->","yoast_head_json":{"title":"Gottvertrauen - Initiative f\u00fcr ganzheitliche P\u00e4dagogik - Mandelbaum Grundschule","robots":{"index":"index","follow":"follow","max-snippet":"max-snippet:-1","max-image-preview":"max-image-preview:large","max-video-preview":"max-video-preview:-1"},"canonical":"https:\/\/www.mandelbaum.schule\/wordpress\/gottvertrauen\/","og_locale":"de_DE","og_type":"article","og_title":"Gottvertrauen - Initiative f\u00fcr ganzheitliche P\u00e4dagogik - Mandelbaum Grundschule","og_description":"Unser Vertrauen auf Gott pr\u00e4gt unsere Sicht auf die Wissensvermittlung.&nbsp;Die Bibel macht klar, dass Gott der Urheber, Erhalter und Erl\u00f6ser alles menschlichen Wissens ist. Ein volles Verst\u00e4ndnis kommt nicht nur durch Vernunft und empirische Beweise zustande, auch wenn beides wichtig ist. Wir brauchen auch Gottes in der Bibel offenbarte Wahrheit, um Erkenntnis von Gott und [&hellip;]","og_url":"https:\/\/www.mandelbaum.schule\/wordpress\/gottvertrauen\/","og_site_name":"Initiative f\u00fcr ganzheitliche P\u00e4dagogik - Mandelbaum Grundschule","article_modified_time":"2023-03-03T07:38:48+00:00","og_image":[{"url":"https:\/\/www.mandelbaum.schule\/wordpress\/wp-content\/uploads\/2021\/01\/image-scaled.jpg","type":"","width":"","height":""}],"twitter_card":"summary_large_image","twitter_misc":{"Gesch\u00e4tzte Lesezeit":"2\u00a0Minuten"},"schema":{"@context":"https:\/\/schema.org","@graph":[{"@type":"WebPage","@id":"https:\/\/www.mandelbaum.schule\/wordpress\/gottvertrauen\/","url":"https:\/\/www.mandelbaum.schule\/wordpress\/gottvertrauen\/","name":"Gottvertrauen - Initiative f\u00fcr ganzheitliche P\u00e4dagogik - Mandelbaum Grundschule","isPartOf":{"@id":"https:\/\/www.mandelbaum.schule\/wordpress\/#website"},"primaryImageOfPage":{"@id":"https:\/\/www.mandelbaum.schule\/wordpress\/gottvertrauen\/#primaryimage"},"image":{"@id":"https:\/\/www.mandelbaum.schule\/wordpress\/gottvertrauen\/#primaryimage"},"thumbnailUrl":"https:\/\/www.mandelbaum.schule\/wordpress\/wp-content\/uploads\/2021\/01\/image-scaled.jpg","datePublished":"2020-12-12T14:43:02+00:00","dateModified":"2023-03-03T07:38:48+00:00","breadcrumb":{"@id":"https:\/\/www.mandelbaum.schule\/wordpress\/gottvertrauen\/#breadcrumb"},"inLanguage":"de","potentialAction":[{"@type":"ReadAction","target":["https:\/\/www.mandelbaum.schule\/wordpress\/gottvertrauen\/"]}]},{"@type":"ImageObject","inLanguage":"de","@id":"https:\/\/www.mandelbaum.schule\/wordpress\/gottvertrauen\/#primaryimage","url":"https:\/\/www.mandelbaum.schule\/wordpress\/wp-content\/uploads\/2021\/01\/image-scaled.jpg","contentUrl":"https:\/\/www.mandelbaum.schule\/wordpress\/wp-content\/uploads\/2021\/01\/image-scaled.jpg","width":2560,"height":1280},{"@type":"BreadcrumbList","@id":"https:\/\/www.mandelbaum.schule\/wordpress\/gottvertrauen\/#breadcrumb","itemListElement":[{"@type":"ListItem","position":1,"name":"Startseite","item":"https:\/\/www.mandelbaum.schule\/wordpress\/"},{"@type":"ListItem","position":2,"name":"Gottvertrauen"}]},{"@type":"WebSite","@id":"https:\/\/www.mandelbaum.schule\/wordpress\/#website","url":"https:\/\/www.mandelbaum.schule\/wordpress\/","name":"Initiative f\u00fcr ganzheitliche P\u00e4dagogik - Mandelbaum Grundschule","description":"Schulgr\u00fcndung Darmstadt Dieburg","publisher":{"@id":"https:\/\/www.mandelbaum.schule\/wordpress\/#organization"},"potentialAction":[{"@type":"SearchAction","target":{"@type":"EntryPoint","urlTemplate":"https:\/\/www.mandelbaum.schule\/wordpress\/?s={search_term_string}"},"query-input":{"@type":"PropertyValueSpecification","valueRequired":true,"valueName":"search_term_string"}}],"inLanguage":"de"},{"@type":"Organization","@id":"https:\/\/www.mandelbaum.schule\/wordpress\/#organization","name":"Initiative f\u00fcr ganzheitliche P\u00e4dagogik - Mandelbaum Grundschule","url":"https:\/\/www.mandelbaum.schule\/wordpress\/","logo":{"@type":"ImageObject","inLanguage":"de","@id":"https:\/\/www.mandelbaum.schule\/wordpress\/#\/schema\/logo\/image\/","url":"https:\/\/www.mandelbaum.schule\/wordpress\/wp-content\/uploads\/2020\/05\/cropped-Wurzlewerke-e.V-log_web_03.png","contentUrl":"https:\/\/www.mandelbaum.schule\/wordpress\/wp-content\/uploads\/2020\/05\/cropped-Wurzlewerke-e.V-log_web_03.png","width":924,"height":246,"caption":"Initiative f\u00fcr ganzheitliche P\u00e4dagogik - Mandelbaum Grundschule"},"image":{"@id":"https:\/\/www.mandelbaum.schule\/wordpress\/#\/schema\/logo\/image\/"},"sameAs":["https:\/\/instagram.com\/mandelbaum.schule"]}]}},"_links":{"self":[{"href":"https:\/\/www.mandelbaum.schule\/wordpress\/wp-json\/wp\/v2\/pages\/1937","targetHints":{"allow":["GET"]}}],"collection":[{"href":"https:\/\/www.mandelbaum.schule\/wordpress\/wp-json\/wp\/v2\/pages"}],"about":[{"href":"https:\/\/www.mandelbaum.schule\/wordpress\/wp-json\/wp\/v2\/types\/page"}],"author":[{"embeddable":true,"href":"https:\/\/www.mandelbaum.schule\/wordpress\/wp-json\/wp\/v2\/users\/4"}],"replies":[{"embeddable":true,"href":"https:\/\/www.mandelbaum.schule\/wordpress\/wp-json\/wp\/v2\/comments?post=1937"}],"version-history":[{"count":18,"href":"https:\/\/www.mandelbaum.schule\/wordpress\/wp-json\/wp\/v2\/pages\/1937\/revisions"}],"predecessor-version":[{"id":2967,"href":"https:\/\/www.mandelbaum.schule\/wordpress\/wp-json\/wp\/v2\/pages\/1937\/revisions\/2967"}],"wp:attachment":[{"href":"https:\/\/www.mandelbaum.schule\/wordpress\/wp-json\/wp\/v2\/media?parent=1937"}],"curies":[{"name":"wp","href":"https:\/\/api.w.org\/{rel}","templated":true}]}}